







{"id":1085,"date":"2022-08-10T10:19:45","date_gmt":"2022-08-10T08:19:45","guid":{"rendered":"http:\/\/salonduchiotmde.fr\/?page_id=1085"},"modified":"2026-04-08T21:20:42","modified_gmt":"2026-04-08T19:20:42","slug":"salon","status":"publish","type":"page","link":"https:\/\/salonduchiotmde.fr\/","title":{"rendered":"SALON du CHIOT"},"content":{"rendered":"\n<div class=\"wp-block-group alignfull ext editor:no-inserter ext-my-0 ext-py-lg\"><div class=\"wp-block-group__inner-container is-layout-constrained wp-block-group-is-layout-constrained\">\n<div class=\"wp-block-columns alignwide are-vertically-aligned-top editor:no-inserter tablet:fullwidth-cols ext-my-0 has-cyan-bluish-gray-color has-text-color has-small-font-size is-layout-flex wp-container-core-columns-is-layout-9d6595d7 wp-block-columns-is-layout-flex\">\n<div class=\"wp-block-column is-vertically-aligned-top editor:no-inserter ext-mb-0 is-layout-flow wp-block-column-is-layout-flow\" style=\"flex-basis:100%\">\n<h6 class=\"wp-block-heading has-text-align-center ext-mt-0 ext-p-0 ext-mb-base has-vivid-red-color has-text-color\" id=\"a-small-heading\" style=\"font-size:18px;font-style:italic;font-weight:800;text-transform:uppercase\">Nouvelle r\u00e9glementation concernant les salons<\/h6>\n\n\n\n<h6 class=\"wp-block-heading has-text-align-center ext-mt-0 ext-p-0 ext-mb-base\" id=\"a-small-heading\" style=\"font-size:18px;font-style:italic;font-weight:600;text-transform:uppercase\"> certificat d&#8217;engagement <\/h6>\n\n\n\n<p class=\"has-text-align-center ext-mt-0 ext-mb-base has-vivid-red-color has-text-color has-small-font-size\">Depuis le 1er octobre 2022, la loi impose \u00e0 tout acheteur de chien ou de chat, d\u2019avoir compl\u00e9t\u00e9 et sign\u00e9 un Certificat d\u2019engagement, au minimum 7 jours avant l\u2019achat de l\u2019animal.<\/p>\n\n\n\n<div class=\"wp-block-buttons is-nowrap is-layout-flex wp-container-core-buttons-is-layout-ad2f72ca wp-block-buttons-is-layout-flex\">\n<div class=\"wp-block-button is-style-fill\"><a class=\"wp-block-button__link wp-element-button\" href=\"https:\/\/salonduchiotmde.fr\/?page_id=1199\">T\u00e9l\u00e9charger votre certificat <\/a><\/div>\n<\/div>\n<\/div>\n<\/div>\n<\/div><\/div>\n\n\n\n<h2 class=\"wp-block-heading has-text-align-center\" style=\"font-style:italic;font-weight:600\">Le prochain salon :<\/h2>\n\n\n\n<div class=\"wp-block-media-text alignwide is-stacked-on-mobile is-vertically-aligned-top has-black-color has-text-color has-link-color wp-elements-8b358ce9073bcf9a8f7f19b2427bb211\" style=\"grid-template-columns:54% auto\"><figure class=\"wp-block-media-text__media\"><img loading=\"lazy\" decoding=\"async\" width=\"683\" height=\"1024\" src=\"https:\/\/salonduchiotmde.fr\/wp-content\/uploads\/2026\/04\/affiche-puy-en-velay-683x1024.png\" alt=\"\" class=\"wp-image-1888 size-medium\" srcset=\"https:\/\/salonduchiotmde.fr\/wp-content\/uploads\/2026\/04\/affiche-puy-en-velay-683x1024.png 683w, https:\/\/salonduchiotmde.fr\/wp-content\/uploads\/2026\/04\/affiche-puy-en-velay-200x300.png 200w, https:\/\/salonduchiotmde.fr\/wp-content\/uploads\/2026\/04\/affiche-puy-en-velay-768x1152.png 768w, https:\/\/salonduchiotmde.fr\/wp-content\/uploads\/2026\/04\/affiche-puy-en-velay.png 1024w\" sizes=\"auto, (max-width: 683px) 100vw, 683px\" \/><\/figure><div class=\"wp-block-media-text__content\">\n<h4 class=\"wp-block-heading\">Liste des animaux pr\u00e9sents :<\/h4>\n\n\n\n<p class=\"has-medium-font-size\" style=\"font-style:normal;font-weight:400\">plus de 200 chiots disponibles \u00e0 la vente<\/p>\n\n\n\n<p>Les chiots pr\u00e9sent\u00e9s (sous r\u00e9serve)&nbsp;:<\/p>\n\n\n\n<p class=\"has-medium-font-size\">Golden retriever, Spitz, Bouledogue Fran\u00e7ais, Cavalier, Bichon maltais, Berger australien, Cocker, Beagle, Chihuahua, Husky de Sib\u00e9rie, York, Jack Russel, Shih-tzu , Border Collie, montagne  ,SHIBA inu ,akita&#8230;et bien d&#8217;autres ..et aussi quelques chatons<\/p>\n<\/div><\/div>\n\n\n\n<h2 class=\"wp-block-heading\">Les prochains salons<\/h2>\n\n\n\n<p id=\"prochainSalon\">NARBONE 20\/21 septembre<\/p>\n\n\n\n<p>TOULOUSE 11\/12 OCTOBRE<\/p>\n\n\n\n<p>MONTAUBAN 25\/26 OCTOBRE<\/p>\n\n\n\n<p>MONTLUCON 01\/02 NOVEMBRE<\/p>\n\n\n\n<p>NIORT 15\/16 NOVEMBRE<\/p>\n\n\n\n<p>SAINT GAUDENS 29\/30 NOVEMBRE<\/p>\n\n\n\n<p>GIEN 13\/14 DECEMBRE<br>MONT DE MARSAN 10\/11 JANVIER 2026<\/p>\n\n\n\n<p>TOULOUSE 24\/25 JANVIER<\/p>\n\n\n\n<p>PERIGUEUX 07\/08 FEVRIER<\/p>\n\n\n\n<p>BEZIERS 28 FEV\/ 1MARS<\/p>\n\n\n\n<p>BAYONNE 14\/15 MARS<\/p>\n\n\n\n<p>AGEN 28\/29 MARS<\/p>\n\n\n\n<p>PUY en VELAY 09\/10 MAI<\/p>\n\n\n\n<p>NARBONNE 23\/24 MAI<\/p>\n\n\n\n<p><br><br><\/p>\n\n\n\n<p><\/p>\n\n\n\n\n\n<p><\/p>\n\n\n\n<p><\/p>\n\n\n\n<p><\/p>\n\n\n\n<p><\/p>\n\n\n\n<p><\/p>\n\n\n\n<p><\/p>\n\n\n\n<p><\/p>\n\n\n\n<p><\/p>\n\n\n\n<p>&#8230;&#8230;&#8230;&#8230;&#8230;&#8230;&#8230;&#8230;&#8230;&#8230;&#8230;&#8230;&#8230;&#8230;.<\/p>\n","protected":false},"excerpt":{"rendered":"<p>Nouvelle r\u00e9glementation concernant les salons certificat d&#8217;engagement Depuis le 1er octobre 2022, la loi impose \u00e0 tout acheteur de chien ou de chat, d\u2019avoir compl\u00e9t\u00e9 et sign\u00e9 un Certificat d\u2019engagement, au minimum 7 jours avant l\u2019achat de l\u2019animal. Le prochain salon : Liste des animaux pr\u00e9sents : plus de 200 chiots disponibles \u00e0 la vente [&hellip;]<\/p>\n","protected":false},"author":1,"featured_media":0,"parent":0,"menu_order":0,"comment_status":"closed","ping_status":"closed","template":"","meta":{"footnotes":""},"class_list":["post-1085","page","type-page","status-publish","hentry"],"_links":{"self":[{"href":"https:\/\/salonduchiotmde.fr\/index.php?rest_route=\/wp\/v2\/pages\/1085","targetHints":{"allow":["GET"]}}],"collection":[{"href":"https:\/\/salonduchiotmde.fr\/index.php?rest_route=\/wp\/v2\/pages"}],"about":[{"href":"https:\/\/salonduchiotmde.fr\/index.php?rest_route=\/wp\/v2\/types\/page"}],"author":[{"embeddable":true,"href":"https:\/\/salonduchiotmde.fr\/index.php?rest_route=\/wp\/v2\/users\/1"}],"replies":[{"embeddable":true,"href":"https:\/\/salonduchiotmde.fr\/index.php?rest_route=%2Fwp%2Fv2%2Fcomments&post=1085"}],"version-history":[{"count":142,"href":"https:\/\/salonduchiotmde.fr\/index.php?rest_route=\/wp\/v2\/pages\/1085\/revisions"}],"predecessor-version":[{"id":1890,"href":"https:\/\/salonduchiotmde.fr\/index.php?rest_route=\/wp\/v2\/pages\/1085\/revisions\/1890"}],"wp:attachment":[{"href":"https:\/\/salonduchiotmde.fr\/index.php?rest_route=%2Fwp%2Fv2%2Fmedia&parent=1085"}],"curies":[{"name":"wp","href":"https:\/\/api.w.org\/{rel}","templated":true}]}}